{"id":155,"date":"2021-07-23T11:54:30","date_gmt":"2021-07-23T11:54:30","guid":{"rendered":"https:\/\/blc-design-hotel.ms.decms.eu\/blc-design-hotel-paris\/"},"modified":"2025-05-19T07:43:21","modified_gmt":"2025-05-19T07:43:21","slug":"blc-design-hotel-paris","status":"publish","type":"page","link":"https:\/\/www.blcdesign-hotel-paris.com\/en\/","title":{"rendered":"Welcome at BLC DESIGN HOTEL"},"content":{"rendered":"<p style=\"text-align: center\"><strong>BLC like Blanc in French , a hotel in a total harmony!<\/strong><\/p>\n<p>Our 3-star boutique hotel with 29 rooms makes you discover an innovative and daring concept entirely imagined by the Parisian decorator Carole Picard.<\/p>\n<p>The Open Space design characterizing most of our rooms, combines a refined and Zen atmosphere while evoking the influences of its surroundings.<\/p>\n<p>The BLC Design nestled in the lively district of Bastille, R\u00e9publique et Nation, offers you an original address in the 11th arrondissement of Paris close to many bars, restaurants and designer boutiques.<\/p>\n<p id=\"tw-target-text\" class=\"tw-data-text tw-text-large tw-ta\" dir=\"ltr\" data-placeholder=\"Translation\"><span class=\"Y2IQFc\" lang=\"en\"><strong>Take 15% off using PROMO CODE BLC7511\u00a0 (offer cannot be combined with Promotions and non-refundable price and not for a LastMinute Booking)<\/strong>. <\/span><\/p>\n<p class=\"tw-data-text tw-text-large tw-ta\" dir=\"ltr\" data-placeholder=\"Translation\"><span class=\"Y2IQFc\" lang=\"en\">How to do ?<\/span><\/p>\n<p class=\"tw-data-text tw-text-large tw-ta\" dir=\"ltr\" data-placeholder=\"Translation\"><span class=\"Y2IQFc\" lang=\"en\">Choose your dates of stay, validate your basket and use the code in the <strong>PROMO CODE<\/strong> <strong>BOX<\/strong>. <\/span><\/p>\n<p class=\"tw-data-text tw-text-large tw-ta\" dir=\"ltr\" data-placeholder=\"Translation\"><span class=\"Y2IQFc\" lang=\"en\">The 15% will be directly applied to the rooms still available. Available for a reservation starting in 2 Days<\/span><\/p>\n<p dir=\"ltr\" data-placeholder=\"Translation\"><strong>New !!!<\/strong> Our hotel offers you the <strong>CHROMECAST option for free <\/strong>in all rooms so you can watch ALL your favorites programs on our TV !<\/p>\n<pre id=\"tw-target-text\" dir=\"ltr\" data-placeholder=\"Traduction\" aria-label=\"Texte traduit\" data-ved=\"2ahUKEwigtYSR1bKGAxXxUaQEHcaRBeAQ3ewLegQIAhAU\"><\/pre>\n","protected":false},"excerpt":{"rendered":"<p>BLC like Blanc in French , a hotel in a total harmony! Our 3-star boutique hotel with 29 rooms makes you discover an innovative and daring concept entirely imagined by the Parisian decorator Carole Picard. The Open Space design characterizing most of our rooms, combines a refined and Zen atmosphere while evoking the influences of [&hellip;]<\/p>\n","protected":false},"author":5,"featured_media":0,"parent":0,"menu_order":0,"comment_status":"closed","ping_status":"closed","template":"","meta":{"footnotes":""},"class_list":["post-155","page","type-page","status-publish","hentry"],"yoast_head":"<!-- This site is optimized with the Yoast SEO plugin v26.9 - https:\/\/yoast.com\/product\/yoast-seo-wordpress\/ -->\n<title>BLC Design Hotel<\/title>\n<meta name=\"description\" content=\"BLC comme Blanc, un h\u00f4tel tout en harmonie !Notre boutique-h\u00f4tel 3 \u00e9toiles de 29 chambres vous fait d\u00e9couvrir un concept novateur et audacieux enti\u00e8rement imagin\u00e9 par la d\u00e9coratrice parisienne Carole Picard.Le design en Open Space caract\u00e9risant la plupart de nos chambres, allie ambiance \u00e9pur\u00e9e et Zen tout en \u00e9voquant les influences de ses alentours.Le BLC Design nich\u00e9 dans le quartier anim\u00e9 de Bastille, R\u00e9publique et Nation, vous offre une adresse originale dans le 11\u00e8me arrondissement de Paris proche de nombreux bars, restaurants et boutiques de cr\u00e9ateurs.\" \/>\n<meta name=\"robots\" content=\"index, follow, max-snippet:-1, max-image-preview:large, max-video-preview:-1\" \/>\n<link rel=\"canonical\" href=\"https:\/\/www.blcdesign-hotel-paris.com\/en\/\" \/>\n<meta property=\"og:locale\" content=\"en_US\" \/>\n<meta property=\"og:type\" content=\"article\" \/>\n<meta property=\"og:title\" content=\"BLC Design Hotel\" \/>\n<meta property=\"og:description\" content=\"BLC comme Blanc, un h\u00f4tel tout en harmonie !Notre boutique-h\u00f4tel 3 \u00e9toiles de 29 chambres vous fait d\u00e9couvrir un concept novateur et audacieux enti\u00e8rement imagin\u00e9 par la d\u00e9coratrice parisienne Carole Picard.Le design en Open Space caract\u00e9risant la plupart de nos chambres, allie ambiance \u00e9pur\u00e9e et Zen tout en \u00e9voquant les influences de ses alentours.Le BLC Design nich\u00e9 dans le quartier anim\u00e9 de Bastille, R\u00e9publique et Nation, vous offre une adresse originale dans le 11\u00e8me arrondissement de Paris proche de nombreux bars, restaurants et boutiques de cr\u00e9ateurs.\" \/>\n<meta property=\"og:url\" content=\"https:\/\/www.blcdesign-hotel-paris.com\/en\/\" \/>\n<meta property=\"og:site_name\" content=\"BLC Design Hotel\" \/>\n<meta property=\"article:modified_time\" content=\"2025-05-19T07:43:21+00:00\" \/>\n<meta name=\"twitter:card\" content=\"summary_large_image\" \/>\n<meta name=\"twitter:label1\" content=\"Est. reading time\" \/>\n\t<meta name=\"twitter:data1\" content=\"1 minute\" \/>\n<script type=\"application\/ld+json\" class=\"yoast-schema-graph\">{\"@context\":\"https:\/\/schema.org\",\"@graph\":[{\"@type\":\"WebPage\",\"@id\":\"https:\/\/www.blcdesign-hotel-paris.com\/en\/\",\"url\":\"https:\/\/www.blcdesign-hotel-paris.com\/en\/\",\"name\":\"BLC Design Hotel\",\"isPartOf\":{\"@id\":\"https:\/\/www.blcdesign-hotel-paris.com\/en\/#website\"},\"datePublished\":\"2021-07-23T11:54:30+00:00\",\"dateModified\":\"2025-05-19T07:43:21+00:00\",\"description\":\"BLC comme Blanc, un h\u00f4tel tout en harmonie !Notre boutique-h\u00f4tel 3 \u00e9toiles de 29 chambres vous fait d\u00e9couvrir un concept novateur et audacieux enti\u00e8rement imagin\u00e9 par la d\u00e9coratrice parisienne Carole Picard.Le design en Open Space caract\u00e9risant la plupart de nos chambres, allie ambiance \u00e9pur\u00e9e et Zen tout en \u00e9voquant les influences de ses alentours.Le BLC Design nich\u00e9 dans le quartier anim\u00e9 de Bastille, R\u00e9publique et Nation, vous offre une adresse originale dans le 11\u00e8me arrondissement de Paris proche de nombreux bars, restaurants et boutiques de cr\u00e9ateurs.\",\"breadcrumb\":{\"@id\":\"https:\/\/www.blcdesign-hotel-paris.com\/en\/#breadcrumb\"},\"inLanguage\":\"en-US\",\"potentialAction\":[{\"@type\":\"ReadAction\",\"target\":[\"https:\/\/www.blcdesign-hotel-paris.com\/en\/\"]}]},{\"@type\":\"BreadcrumbList\",\"@id\":\"https:\/\/www.blcdesign-hotel-paris.com\/en\/#breadcrumb\",\"itemListElement\":[{\"@type\":\"ListItem\",\"position\":1,\"name\":\"Home\",\"item\":\"https:\/\/www.blcdesign-hotel-paris.com\/en\/\"},{\"@type\":\"ListItem\",\"position\":2,\"name\":\"Welcome at BLC DESIGN HOTEL\"}]},{\"@type\":\"WebSite\",\"@id\":\"https:\/\/www.blcdesign-hotel-paris.com\/en\/#website\",\"url\":\"https:\/\/www.blcdesign-hotel-paris.com\/en\/\",\"name\":\"BLC Design Hotel\",\"description\":\"Just another ms.decms.eu site\",\"potentialAction\":[{\"@type\":\"SearchAction\",\"target\":{\"@type\":\"EntryPoint\",\"urlTemplate\":\"https:\/\/www.blcdesign-hotel-paris.com\/en\/?s={search_term_string}\"},\"query-input\":{\"@type\":\"PropertyValueSpecification\",\"valueRequired\":true,\"valueName\":\"search_term_string\"}}],\"inLanguage\":\"en-US\"}]}<\/script>\n<!-- \/ Yoast SEO plugin. -->","yoast_head_json":{"title":"BLC Design Hotel","description":"BLC comme Blanc, un h\u00f4tel tout en harmonie !Notre boutique-h\u00f4tel 3 \u00e9toiles de 29 chambres vous fait d\u00e9couvrir un concept novateur et audacieux enti\u00e8rement imagin\u00e9 par la d\u00e9coratrice parisienne Carole Picard.Le design en Open Space caract\u00e9risant la plupart de nos chambres, allie ambiance \u00e9pur\u00e9e et Zen tout en \u00e9voquant les influences de ses alentours.Le BLC Design nich\u00e9 dans le quartier anim\u00e9 de Bastille, R\u00e9publique et Nation, vous offre une adresse originale dans le 11\u00e8me arrondissement de Paris proche de nombreux bars, restaurants et boutiques de cr\u00e9ateurs.","robots":{"index":"index","follow":"follow","max-snippet":"max-snippet:-1","max-image-preview":"max-image-preview:large","max-video-preview":"max-video-preview:-1"},"canonical":"https:\/\/www.blcdesign-hotel-paris.com\/en\/","og_locale":"en_US","og_type":"article","og_title":"BLC Design Hotel","og_description":"BLC comme Blanc, un h\u00f4tel tout en harmonie !Notre boutique-h\u00f4tel 3 \u00e9toiles de 29 chambres vous fait d\u00e9couvrir un concept novateur et audacieux enti\u00e8rement imagin\u00e9 par la d\u00e9coratrice parisienne Carole Picard.Le design en Open Space caract\u00e9risant la plupart de nos chambres, allie ambiance \u00e9pur\u00e9e et Zen tout en \u00e9voquant les influences de ses alentours.Le BLC Design nich\u00e9 dans le quartier anim\u00e9 de Bastille, R\u00e9publique et Nation, vous offre une adresse originale dans le 11\u00e8me arrondissement de Paris proche de nombreux bars, restaurants et boutiques de cr\u00e9ateurs.","og_url":"https:\/\/www.blcdesign-hotel-paris.com\/en\/","og_site_name":"BLC Design Hotel","article_modified_time":"2025-05-19T07:43:21+00:00","twitter_card":"summary_large_image","twitter_misc":{"Est. reading time":"1 minute"},"schema":{"@context":"https:\/\/schema.org","@graph":[{"@type":"WebPage","@id":"https:\/\/www.blcdesign-hotel-paris.com\/en\/","url":"https:\/\/www.blcdesign-hotel-paris.com\/en\/","name":"BLC Design Hotel","isPartOf":{"@id":"https:\/\/www.blcdesign-hotel-paris.com\/en\/#website"},"datePublished":"2021-07-23T11:54:30+00:00","dateModified":"2025-05-19T07:43:21+00:00","description":"BLC comme Blanc, un h\u00f4tel tout en harmonie !Notre boutique-h\u00f4tel 3 \u00e9toiles de 29 chambres vous fait d\u00e9couvrir un concept novateur et audacieux enti\u00e8rement imagin\u00e9 par la d\u00e9coratrice parisienne Carole Picard.Le design en Open Space caract\u00e9risant la plupart de nos chambres, allie ambiance \u00e9pur\u00e9e et Zen tout en \u00e9voquant les influences de ses alentours.Le BLC Design nich\u00e9 dans le quartier anim\u00e9 de Bastille, R\u00e9publique et Nation, vous offre une adresse originale dans le 11\u00e8me arrondissement de Paris proche de nombreux bars, restaurants et boutiques de cr\u00e9ateurs.","breadcrumb":{"@id":"https:\/\/www.blcdesign-hotel-paris.com\/en\/#breadcrumb"},"inLanguage":"en-US","potentialAction":[{"@type":"ReadAction","target":["https:\/\/www.blcdesign-hotel-paris.com\/en\/"]}]},{"@type":"BreadcrumbList","@id":"https:\/\/www.blcdesign-hotel-paris.com\/en\/#breadcrumb","itemListElement":[{"@type":"ListItem","position":1,"name":"Home","item":"https:\/\/www.blcdesign-hotel-paris.com\/en\/"},{"@type":"ListItem","position":2,"name":"Welcome at BLC DESIGN HOTEL"}]},{"@type":"WebSite","@id":"https:\/\/www.blcdesign-hotel-paris.com\/en\/#website","url":"https:\/\/www.blcdesign-hotel-paris.com\/en\/","name":"BLC Design Hotel","description":"Just another ms.decms.eu site","potentialAction":[{"@type":"SearchAction","target":{"@type":"EntryPoint","urlTemplate":"https:\/\/www.blcdesign-hotel-paris.com\/en\/?s={search_term_string}"},"query-input":{"@type":"PropertyValueSpecification","valueRequired":true,"valueName":"search_term_string"}}],"inLanguage":"en-US"}]}},"acf":[],"_links":{"self":[{"href":"https:\/\/www.blcdesign-hotel-paris.com\/en\/wp-json\/wp\/v2\/pages\/155","targetHints":{"allow":["GET"]}}],"collection":[{"href":"https:\/\/www.blcdesign-hotel-paris.com\/en\/wp-json\/wp\/v2\/pages"}],"about":[{"href":"https:\/\/www.blcdesign-hotel-paris.com\/en\/wp-json\/wp\/v2\/types\/page"}],"author":[{"embeddable":true,"href":"https:\/\/www.blcdesign-hotel-paris.com\/en\/wp-json\/wp\/v2\/users\/5"}],"replies":[{"embeddable":true,"href":"https:\/\/www.blcdesign-hotel-paris.com\/en\/wp-json\/wp\/v2\/comments?post=155"}],"version-history":[{"count":0,"href":"https:\/\/www.blcdesign-hotel-paris.com\/en\/wp-json\/wp\/v2\/pages\/155\/revisions"}],"wp:attachment":[{"href":"https:\/\/www.blcdesign-hotel-paris.com\/en\/wp-json\/wp\/v2\/media?parent=155"}],"curies":[{"name":"wp","href":"https:\/\/api.w.org\/{rel}","templated":true}]}}